{"id":240722,"date":"2021-03-31T13:12:23","date_gmt":"2021-03-31T13:12:23","guid":{"rendered":"https:\/\/colivespace.com\/el-coliving\/"},"modified":"2021-09-01T19:45:23","modified_gmt":"2021-09-01T19:45:23","slug":"el-coliving","status":"publish","type":"page","link":"https:\/\/colivespace.com\/es\/el-coliving\/","title":{"rendered":"El coliving"},"content":{"rendered":"<p>[et_pb_section fb_built=\u00bb1&#8243; custom_padding_last_edited=\u00bbon|tablet\u00bb admin_label=\u00bbIntro\u00bb _builder_version=\u00bb4.9.4&#8243; _module_preset=\u00bbdefault\u00bb background_image=\u00bbhttps:\/\/colivespace.com\/wp-content\/uploads\/bed-and-breakfast-29.jpg\u00bb custom_margin_last_edited=\u00bboff|desktop\u00bb custom_padding_tablet=\u00bb30px||||false|false\u00bb custom_padding_phone=\u00bb\u00bb custom_css_main_element=\u00bbdisplay:flex;\u00bb locked=\u00bboff\u00bb global_colors_info=\u00bb{}\u00bb][et_pb_row column_structure=\u00bb1_3,1_3,1_3&#8243; use_custom_gutter=\u00bbon\u00bb gutter_width=\u00bb1&#8243; custom_padding_last_edited=\u00bbon|desktop\u00bb _builder_version=\u00bb4.9.4&#8243; _module_preset=\u00bbdefault\u00bb background_color=\u00bbrgba(255,255,255,0)\u00bb z_index=\u00bb11&#8243; width=\u00bb100%\u00bb max_width=\u00bb100%\u00bb custom_margin=\u00bb0px|2vh|0px|2vh|false|true\u00bb custom_padding=\u00bb0px|0px|0px|0px|true|true\u00bb custom_padding_tablet=\u00bb60px|30px|60px|30px|true|true\u00bb custom_padding_phone=\u00bb40px|20px|40px|20px|true|true\u00bb global_colors_info=\u00bb{}\u00bb][et_pb_column type=\u00bb1_3&#8243; _builder_version=\u00bb4.9.4&#8243; _module_preset=\u00bbdefault\u00bb background_color=\u00bbrgba(0,0,0,0.24)\u00bb custom_padding=\u00bb5vh||5vh||true|false\u00bb custom_css_main_element=\u00bb\/*||display:flex;||flex-direction:column;||justify-content:center;||align-items:center;||*\/\u00bb global_colors_info=\u00bb{}\u00bb][et_pb_text _builder_version=\u00bb4.9.4&#8243; _module_preset=\u00bbb0bf5418-994a-43d1-aef8-7d7c6764119d\u00bb header_font=\u00bb||||||||\u00bb header_text_color=\u00bbgcid-d0cab590-c0b8-447e-8759-29127046c4ec\u00bb header_font_size=\u00bb60px\u00bb header_line_height=\u00bb1.2em\u00bb header_4_font=\u00bbMontserrat||||||||\u00bb header_4_text_color=\u00bbgcid-d0cab590-c0b8-447e-8759-29127046c4ec\u00bb text_orientation=\u00bbcenter\u00bb custom_padding=\u00bb||1rem||false|false\u00bb header_font_size_tablet=\u00bb60px\u00bb header_font_size_phone=\u00bb32px\u00bb header_font_size_last_edited=\u00bbon|desktop\u00bb global_colors_info=\u00bb{%22gcid-d0cab590-c0b8-447e-8759-29127046c4ec%22:%91%22header_text_color%22,%22header_4_text_color%22%93}\u00bb]<\/p>\n<h1>El coliving<\/h1>\n<h4>por CoLive Space<\/h4>\n<p>[\/et_pb_text][\/et_pb_column][et_pb_column type=\u00bb1_3&#8243; _builder_version=\u00bb4.9.0&#8243; _module_preset=\u00bbdefault\u00bb global_colors_info=\u00bb{}\u00bb][\/et_pb_column][et_pb_column type=\u00bb1_3&#8243; _builder_version=\u00bb4.9.0&#8243; _module_preset=\u00bbdefault\u00bb global_colors_info=\u00bb{}\u00bb][\/et_pb_column][\/et_pb_row][\/et_pb_section][et_pb_section fb_built=\u00bb1&#8243; admin_label=\u00bbAbout\u00bb _builder_version=\u00bb4.9.4&#8243; _module_preset=\u00bbdefault\u00bb background_color=\u00bbgcid-45b8844b-a4d2-488a-b134-87188f67e95c\u00bb locked=\u00bboff\u00bb global_colors_info=\u00bb{%22gcid-45b8844b-a4d2-488a-b134-87188f67e95c%22:%91%22background_color%22%93}\u00bb][et_pb_row column_structure=\u00bb1_3,1_3,1_3&#8243; _builder_version=\u00bb4.9.4&#8243; _module_preset=\u00bbdefault\u00bb global_colors_info=\u00bb{}\u00bb][et_pb_column type=\u00bb1_3&#8243; _builder_version=\u00bb4.9.0&#8243; _module_preset=\u00bbdefault\u00bb global_colors_info=\u00bb{}\u00bb][et_pb_text _builder_version=\u00bb4.9.4&#8243; _module_preset=\u00bbc3c1179e-80e4-4396-b700-51b845e1c46f\u00bb header_2_font=\u00bb||||||||\u00bb header_2_text_color=\u00bb#000000&#8243; header_2_font_size=\u00bb50px\u00bb header_2_line_height=\u00bb1.2em\u00bb header_2_font_size_tablet=\u00bb30px\u00bb header_2_font_size_phone=\u00bb24px\u00bb header_2_font_size_last_edited=\u00bbon|phone\u00bb locked=\u00bboff\u00bb global_colors_info=\u00bb{}\u00bb]<\/p>\n<h2>\u00bfQu\u00e9 es el coliving?<\/h2>\n<p>[\/et_pb_text][et_pb_text _builder_version=\u00bb4.9.4&#8243; _module_preset=\u00bb2e1ca0a8-a515-4ca3-8814-65eea4b82393&#8243; text_font=\u00bb||||||||\u00bb text_font_size=\u00bb15px\u00bb text_line_height=\u00bb1.9em\u00bb text_orientation=\u00bbjustified\u00bb text_font_size_tablet=\u00bb15px\u00bb text_font_size_phone=\u00bb13px\u00bb text_font_size_last_edited=\u00bbon|phone\u00bb global_colors_info=\u00bb{}\u00bb]<\/p>\n<p>En CoLive Space, el coliving es una forma innovadora de vivir, que responde a los nuevos usos y estilos de vida de la poblaci\u00f3n trabajadora urbana, siempre en busca de m\u00e1s flexibilidad y convivencia.<\/p>\n<p>Nuestra vocaci\u00f3n es ofrecer a los residentes una oferta 100% plug &amp; play, en la que usted elige su habitaci\u00f3n y se instala f\u00e1cilmente con un alquiler todo incluido para un presupuesto controlado.<\/p>\n<p>[\/et_pb_text][\/et_pb_column][et_pb_column type=\u00bb1_3&#8243; _builder_version=\u00bb4.9.4&#8243; _module_preset=\u00bbdefault\u00bb custom_padding_tablet=\u00bb0px||||false|false\u00bb custom_padding_phone=\u00bb\u00bb custom_padding_last_edited=\u00bbon|phone\u00bb global_colors_info=\u00bb{}\u00bb][et_pb_blurb title=\u00bbUn hermoso espacio privado\u00bb image=\u00bbhttps:\/\/colivespace.com\/wp-content\/uploads\/co-privatif.svg\u00bb image_max_width=\u00bb25%\u00bb _builder_version=\u00bb4.9.4&#8243; _module_preset=\u00bbdefault\u00bb body_font=\u00bb|300|||||||\u00bb background_color=\u00bbrgba(255,255,255,0.75)\u00bb text_orientation=\u00bbcenter\u00bb custom_padding=\u00bb1rem|1rem|1rem|1rem|true|true\u00bb border_width_all=\u00bb1px\u00bb border_color_all=\u00bb#998F89&#8243; global_colors_info=\u00bb{}\u00bb]<\/p>\n<p>Disfrute de un espacio privado cuidadosamente amueblado y decorado.<\/p>\n<p>[\/et_pb_blurb][et_pb_blurb title=\u00bbContratos flexibles\u00bb image=\u00bbhttps:\/\/colivespace.com\/wp-content\/uploads\/co-flexible.svg\u00bb image_max_width=\u00bb25%\u00bb _builder_version=\u00bb4.9.4&#8243; _module_preset=\u00bbdefault\u00bb body_font=\u00bb|300|||||||\u00bb background_color=\u00bbrgba(255,255,255,0.75)\u00bb text_orientation=\u00bbcenter\u00bb custom_padding=\u00bb1rem|1rem|1rem|1rem|true|true\u00bb border_width_all=\u00bb1px\u00bb border_color_all=\u00bb#998F89&#8243; global_colors_info=\u00bb{}\u00bb]<\/p>\n<p>Eliga tu habitaci\u00f3n y solo ven con tu maleta. Los contratos de arrendamiento amueblados le ofrecen flexibilidad y conveniencia.<\/p>\n<p>[\/et_pb_blurb][\/et_pb_column][et_pb_column type=\u00bb1_3&#8243; _builder_version=\u00bb4.9.0&#8243; _module_preset=\u00bbdefault\u00bb custom_padding=\u00bb50px||||false|false\u00bb custom_padding_tablet=\u00bb0px||||false|false\u00bb custom_padding_phone=\u00bb\u00bb custom_padding_last_edited=\u00bbon|phone\u00bb global_colors_info=\u00bb{}\u00bb][et_pb_blurb title=\u00bbAcogedoras \u00e1reas comunes\u00bb image=\u00bbhttps:\/\/colivespace.com\/wp-content\/uploads\/co-commun-cosy.svg\u00bb image_max_width=\u00bb25%\u00bb _builder_version=\u00bb4.9.4&#8243; _module_preset=\u00bbdefault\u00bb body_font=\u00bb|300|||||||\u00bb background_color=\u00bbrgba(255,255,255,0.75)\u00bb text_orientation=\u00bbcenter\u00bb custom_padding=\u00bb1rem|1rem|1rem|1rem|true|true\u00bb border_width_all=\u00bb1px\u00bb border_color_all=\u00bb#998F89&#8243; global_colors_info=\u00bb{}\u00bb]<\/p>\n<p>C\u00f3modos salones y amplias cocinas para disfrutar de momentos \u00fanicos de convivencia.<\/p>\n<p>[\/et_pb_blurb][et_pb_blurb title=\u00bbTarifa todo incluido\u00bb image=\u00bbhttps:\/\/colivespace.com\/wp-content\/uploads\/co-pig.svg\u00bb image_max_width=\u00bb25%\u00bb _builder_version=\u00bb4.9.4&#8243; _module_preset=\u00bbdefault\u00bb body_font=\u00bb|300|||||||\u00bb background_color=\u00bbrgba(255,255,255,0.75)\u00bb text_orientation=\u00bbcenter\u00bb custom_padding=\u00bb1rem|1rem|1rem|1rem|true|true\u00bb border_width_all=\u00bb1px\u00bb border_color_all=\u00bb#998F89&#8243; global_colors_info=\u00bb{}\u00bb]<\/p>\n<p>La integrabilidad de los cargos est\u00e1 incluida en el alquiler: agua, electricidad, WIFI, limpieza, lo esencial y mucho m\u00e1s.<\/p>\n<p>[\/et_pb_blurb][\/et_pb_column][\/et_pb_row][\/et_pb_section][et_pb_section fb_built=\u00bb1&#8243; admin_label=\u00bbAbout\u00bb _builder_version=\u00bb4.9.4&#8243; _module_preset=\u00bbdefault\u00bb background_color=\u00bbrgba(252,248,243,0.51)\u00bb locked=\u00bboff\u00bb global_colors_info=\u00bb{}\u00bb][et_pb_row _builder_version=\u00bb4.9.0&#8243; _module_preset=\u00bbdefault\u00bb background_image=\u00bbhttps:\/\/colivespace.com\/wp-content\/uploads\/craft-school-02.png\u00bb background_size=\u00bbcontain\u00bb locked=\u00bboff\u00bb global_colors_info=\u00bb{}\u00bb][et_pb_column type=\u00bb4_4&#8243; _builder_version=\u00bb4.9.0&#8243; _module_preset=\u00bbdefault\u00bb background_enable_image=\u00bboff\u00bb background_size=\u00bbinitial\u00bb global_colors_info=\u00bb{}\u00bb][et_pb_text _builder_version=\u00bb4.9.4&#8243; _module_preset=\u00bbc3c1179e-80e4-4396-b700-51b845e1c46f\u00bb header_2_font=\u00bb||||||||\u00bb header_2_text_color=\u00bb#000000&#8243; header_2_font_size=\u00bb50px\u00bb header_2_line_height=\u00bb1.2em\u00bb background_enable_image=\u00bboff\u00bb text_orientation=\u00bbcenter\u00bb header_2_font_size_tablet=\u00bb30px\u00bb header_2_font_size_phone=\u00bb24px\u00bb header_2_font_size_last_edited=\u00bbon|phone\u00bb global_colors_info=\u00bb{}\u00bb]<\/p>\n<h2>La oferta de Colive Space<\/h2>\n<p>[\/et_pb_text][\/et_pb_column][\/et_pb_row][et_pb_row column_structure=\u00bb2_5,3_5&#8243; _builder_version=\u00bb4.9.4&#8243; _module_preset=\u00bbdefault\u00bb custom_css_main_element=\u00bbdisplay:flex;||align-items:center;\u00bb global_colors_info=\u00bb{}\u00bb custom_css_main_element_last_edited=\u00bbon|desktop\u00bb custom_css_main_element_tablet=\u00bbdisplay:flex;||align-items:center;\u00bb custom_css_main_element_phone=\u00bbdisplay:block;||\u00bb][et_pb_column type=\u00bb2_5&#8243; _builder_version=\u00bb4.9.0&#8243; _module_preset=\u00bbdefault\u00bb global_colors_info=\u00bb{}\u00bb][et_pb_image src=\u00bbhttps:\/\/colivespace.com\/wp-content\/uploads\/colivespace-logo-250.png\u00bb title_text=\u00bbcolivespace-logo-250&#8243; align=\u00bbcenter\u00bb _builder_version=\u00bb4.9.7&#8243; _module_preset=\u00bbdefault\u00bb width=\u00bb40%\u00bb max_width=\u00bb75%\u00bb global_colors_info=\u00bb{}\u00bb][\/et_pb_image][et_pb_text _builder_version=\u00bb4.9.4&#8243; _module_preset=\u00bbdefault\u00bb text_font_size=\u00bb22px\u00bb text_line_height=\u00bb1.6em\u00bb text_orientation=\u00bbcenter\u00bb custom_padding=\u00bb|4rem||4rem|false|true\u00bb text_font_size_tablet=\u00bb\u00bb text_font_size_phone=\u00bb18px\u00bb text_font_size_last_edited=\u00bbon|phone\u00bb global_colors_info=\u00bb{}\u00bb]<\/p>\n<p>crear atractivos espacios habitables para que se sienta como en casa !<\/p>\n<p>[\/et_pb_text][et_pb_button button_url=\u00bb#\u00bb button_text=\u00bbReservar\u00bb disabled_on=\u00bboff|off|off\u00bb module_class=\u00bbtrigger-btn-1&#8243; _builder_version=\u00bb4.9.7&#8243; _module_preset=\u00bbb49e8bc6-67f9-448f-bd6a-38d56dfdb402&#8243; custom_css_main_element=\u00bbwidth:40%\u00bb global_colors_info=\u00bb{%22gcid-d0cab590-c0b8-447e-8759-29127046c4ec%22:%91%22button_bg_color%22%93}\u00bb custom_css_main_element_last_edited=\u00bbon|desktop\u00bb custom_css_main_element_tablet=\u00bbwidth:auto;\u00bb][\/et_pb_button][\/et_pb_column][et_pb_column type=\u00bb3_5&#8243; _builder_version=\u00bb4.9.0&#8243; _module_preset=\u00bbdefault\u00bb global_colors_info=\u00bb{}\u00bb][et_pb_text _builder_version=\u00bb4.9.4&#8243; _module_preset=\u00bb62c07917-228d-4fe0-9120-e44b2c6fb18e\u00bb header_font=\u00bb||||||||\u00bb header_3_font=\u00bb||||||||\u00bb header_3_text_color=\u00bb#000000&#8243; header_3_font_size=\u00bb20px\u00bb header_3_line_height=\u00bb1.5em\u00bb custom_margin=\u00bb||0px||false|false\u00bb header_3_font_size_tablet=\u00bb18px\u00bb header_3_font_size_phone=\u00bb14px\u00bb header_3_font_size_last_edited=\u00bbon|phone\u00bb global_colors_info=\u00bb{}\u00bb]<\/p>\n<h3>Colive Space te ofrece una nueva forma de concebir el alojamiento<\/h3>\n<p>[\/et_pb_text][et_pb_text _builder_version=\u00bb4.9.4&#8243; _module_preset=\u00bb2e1ca0a8-a515-4ca3-8814-65eea4b82393&#8243; text_font=\u00bb||||||||\u00bb text_font_size=\u00bb15px\u00bb text_line_height=\u00bb1.9em\u00bb text_orientation=\u00bbjustified\u00bb text_font_size_tablet=\u00bb15px\u00bb text_font_size_phone=\u00bb13px\u00bb text_font_size_last_edited=\u00bbon|phone\u00bb locked=\u00bboff\u00bb global_colors_info=\u00bb{}\u00bb]<\/p>\n<p>Residencias (pisos o casas) compuestas por varias habitaciones totalmente equipadas y situadas en centros urbanos, cerca de los comercios y del transporte p\u00fablico.<\/p>\n<p>Cada plaza est\u00e1 cuidadosamente equipada, amueblada y decorada y ofrece tanto habitaciones individuales como amplias zonas de estar comunes.<\/p>\n<p>La oferta es un paquete con todo incluido que incluye el alquiler de una habitaci\u00f3n amueblada con ba\u00f1o privado o compartido, WIFI, limpieza, agua, electricidad,&#8230;<\/p>\n<p>[\/et_pb_text][\/et_pb_column][\/et_pb_row][et_pb_row _builder_version=\u00bb4.9.7&#8243; _module_preset=\u00bbdefault\u00bb width_tablet=\u00bb\u00bb width_phone=\u00bb95%\u00bb width_last_edited=\u00bbon|desktop\u00bb global_colors_info=\u00bb{}\u00bb][et_pb_column type=\u00bb4_4&#8243; _builder_version=\u00bb4.9.4&#8243; _module_preset=\u00bbdefault\u00bb global_colors_info=\u00bb{}\u00bb][et_pb_code _builder_version=\u00bb4.10.5&#8243; _module_preset=\u00bbdefault\u00bb box_shadow_style=\u00bbpreset2&#8243; global_colors_info=\u00bb{}\u00bb]<\/p>\n<table class=\"container-table\"><!-- [et_pb_line_break_holder] -->\t<\/p>\n<thead><!-- [et_pb_line_break_holder] -->\t\t<\/p>\n<tr><!-- [et_pb_line_break_holder] -->\t\t\t<\/p>\n<th>\n<h4><\/h4>\n<\/th>\n<p><!-- [et_pb_line_break_holder] -->\t\t\t<\/p>\n<th>\n<h4>Oferta ColiveSpace<\/h4>\n<\/th>\n<p><!-- [et_pb_line_break_holder] -->\t\t\t<\/p>\n<th>\n<h4>Estudio tradicional<\/h4>\n<\/th>\n<p><!-- [et_pb_line_break_holder] -->\t\t\t<!-- [et_pb_line_break_holder] -->\t\t<\/tr>\n<p><!-- [et_pb_line_break_holder] -->\t<\/thead>\n<p><!-- [et_pb_line_break_holder] -->\t<\/p>\n<tbody><!-- [et_pb_line_break_holder] -->\t\t<\/p>\n<tr><!-- [et_pb_line_break_holder] -->\t\t\t<\/p>\n<td>Meubles et Equipements<\/td>\n<p><!-- [et_pb_line_break_holder] --> <\/p>\n<td class=\"inclus\">Incluido<\/td>\n<p><!-- [et_pb_line_break_holder] --> <\/p>\n<td class=\"non-inclus\">No incluido<\/td>\n<p><!-- [et_pb_line_break_holder] -->\t\t<!-- [et_pb_line_break_holder] -->\t\t<\/tr>\n<p><!-- [et_pb_line_break_holder] -->\t\t<\/p>\n<tr><!-- [et_pb_line_break_holder] -->\t\t\t<\/p>\n<td>Eau et \u00e9nergie<\/td>\n<p><!-- [et_pb_line_break_holder] --> <\/p>\n<td class=\"inclus\">Incluido<\/td>\n<p><!-- [et_pb_line_break_holder] --> <\/p>\n<td class=\"nos-inclus\">No siempre incluido<\/td>\n<p><!-- [et_pb_line_break_holder] -->\t\t\t<!-- [et_pb_line_break_holder] -->\t\t<\/tr>\n<p><!-- [et_pb_line_break_holder] -->\t\t<\/p>\n<tr><!-- [et_pb_line_break_holder] -->\t\t\t<\/p>\n<td>Wifi<\/td>\n<p><!-- [et_pb_line_break_holder] --> <\/p>\n<td class=\"inclus\">Incluido<\/td>\n<p><!-- [et_pb_line_break_holder] --> <\/p>\n<td class=\"not-included\">Costo extra<\/td>\n<p><!-- [et_pb_line_break_holder] -->\t\t<!-- [et_pb_line_break_holder] -->\t\t<\/tr>\n<p><!-- [et_pb_line_break_holder] -->    <\/p>\n<tr><!-- [et_pb_line_break_holder] -->\t\t\t<\/p>\n<td>M\u00e9nage<\/td>\n<p><!-- [et_pb_line_break_holder] --> <\/p>\n<td class=\"inclus\">Incluido<\/td>\n<p><!-- [et_pb_line_break_holder] --> <\/p>\n<td class=\"non-inclus\">Costo extra<\/td>\n<p><!-- [et_pb_line_break_holder] -->\t\t\t<!-- [et_pb_line_break_holder] -->\t\t<\/tr>\n<p><!-- [et_pb_line_break_holder] -->    <\/p>\n<tr><!-- [et_pb_line_break_holder] -->\t\t\t<\/p>\n<td>Maintenance<\/td>\n<p><!-- [et_pb_line_break_holder] --> <\/p>\n<td class=\"inclus\">Incluido<\/td>\n<p><!-- [et_pb_line_break_holder] --> <\/p>\n<td class=\"non-inclus\">Costo extra<\/td>\n<p><!-- [et_pb_line_break_holder] -->\t\t\t<!-- [et_pb_line_break_holder] -->\t\t<\/tr>\n<p><!-- [et_pb_line_break_holder] -->    <\/p>\n<tr><!-- [et_pb_line_break_holder] -->\t\t\t<\/p>\n<td>Taxes et assurances<\/td>\n<p><!-- [et_pb_line_break_holder] --> <\/p>\n<td class=\"inclus\">Incluido<\/td>\n<p><!-- [et_pb_line_break_holder] --> <\/p>\n<td class=\"non-inclus\">Costo extra<\/td>\n<p><!-- [et_pb_line_break_holder] -->\t\t<!-- [et_pb_line_break_holder] -->\t\t<\/tr>\n<p><!-- [et_pb_line_break_holder] -->\t<\/tbody>\n<p><!-- [et_pb_line_break_holder] --><\/table>\n<p>[\/et_pb_code][\/et_pb_column][\/et_pb_row][\/et_pb_section][et_pb_section fb_built=\u00bb1&#8243; admin_label=\u00bbAbout\u00bb _builder_version=\u00bb4.9.4&#8243; _module_preset=\u00bbdefault\u00bb background_color=\u00bbgcid-45b8844b-a4d2-488a-b134-87188f67e95c\u00bb locked=\u00bboff\u00bb global_colors_info=\u00bb{%22gcid-45b8844b-a4d2-488a-b134-87188f67e95c%22:%91%22background_color%22%93}\u00bb][et_pb_row column_structure=\u00bb1_2,1_2&#8243; _builder_version=\u00bb4.9.0&#8243; _module_preset=\u00bbdefault\u00bb global_colors_info=\u00bb{}\u00bb][et_pb_column type=\u00bb1_2&#8243; _builder_version=\u00bb4.9.0&#8243; _module_preset=\u00bbdefault\u00bb global_colors_info=\u00bb{}\u00bb][et_pb_image src=\u00bbhttps:\/\/colivespace.com\/wp-content\/uploads\/residents-colivespace-col2.jpg\u00bb title_text=\u00bbresidents-colivespace-col2&#8243; _builder_version=\u00bb4.9.4&#8243; _module_preset=\u00bbdefault\u00bb border_width_all=\u00bb20px\u00bb border_color_all=\u00bb#FCF8F3&#8243; box_shadow_style=\u00bbpreset3&#8243; box_shadow_blur=\u00bb78px\u00bb box_shadow_color=\u00bbrgba(0,0,0,0.1)\u00bb global_colors_info=\u00bb{}\u00bb][\/et_pb_image][\/et_pb_column][et_pb_column type=\u00bb1_2&#8243; _builder_version=\u00bb4.9.0&#8243; _module_preset=\u00bbdefault\u00bb custom_padding=\u00bb50px||||false|false\u00bb custom_padding_tablet=\u00bb0px||||false|false\u00bb custom_padding_phone=\u00bb\u00bb custom_padding_last_edited=\u00bbon|phone\u00bb global_colors_info=\u00bb{}\u00bb][et_pb_text _builder_version=\u00bb4.9.4&#8243; _module_preset=\u00bbc3c1179e-80e4-4396-b700-51b845e1c46f\u00bb header_2_font=\u00bb||||||||\u00bb header_2_text_color=\u00bb#000000&#8243; header_2_font_size=\u00bb50px\u00bb header_2_line_height=\u00bb1.2em\u00bb header_2_font_size_tablet=\u00bb30px\u00bb header_2_font_size_phone=\u00bb24px\u00bb header_2_font_size_last_edited=\u00bbon|phone\u00bb locked=\u00bboff\u00bb global_colors_info=\u00bb{}\u00bb]<\/p>\n<h2>Nuestra misi\u00f3n<\/h2>\n<p>[\/et_pb_text][et_pb_text _builder_version=\u00bb4.9.4&#8243; _module_preset=\u00bb2e1ca0a8-a515-4ca3-8814-65eea4b82393&#8243; text_font=\u00bb||||||||\u00bb text_font_size=\u00bb15px\u00bb text_line_height=\u00bb1.9em\u00bb text_orientation=\u00bbjustified\u00bb text_font_size_tablet=\u00bb15px\u00bb text_font_size_phone=\u00bb13px\u00bb text_font_size_last_edited=\u00bbon|phone\u00bb global_colors_info=\u00bb{}\u00bb]<\/p>\n<p>Hoy en d\u00eda, es cada vez m\u00e1s dif\u00edcil encontrar alojamiento en el centro de las ciudades. Las busquedas estan largas y los contratos suelen ser inflexibles. Adem\u00e1s, los alojamientos suelen ser mediocres y ya no responden a las necesidades actuales.<\/p>\n<p>Frente a estas observaciones, CoLive Space pretende reinventar la experiencia del alquiler ofreciendo un alojamiento \u00fanico e innovador ubicado en centros urbanos, a trav\u00e9s de una oferta plug-and-play donde el residente no tiene nada m\u00e1s en lo que pensar que en dejar sus maletas.<\/p>\n<p>El perfil de los residentes es variado: trabajadores j\u00f3venes, personas en transici\u00f3n de vida, n\u00f3madas, estudiantes, etc. Queremos que el ambiente dentro de cada comunidad le permita vivir una experiencia \u00fanica con los otros colivers.<\/p>\n<p>[\/et_pb_text][\/et_pb_column][\/et_pb_row][\/et_pb_section]<\/p>\n","protected":false},"excerpt":{"rendered":"<p>El coliving por CoLive Space\u00bfQu\u00e9 es el coliving?En CoLive Space, el coliving es una forma innovadora de vivir, que responde a los nuevos usos y estilos de vida de la poblaci\u00f3n trabajadora urbana, siempre en busca de m\u00e1s flexibilidad y convivencia. Nuestra vocaci\u00f3n es ofrecer a los residentes una oferta 100% plug &amp; play, en [&hellip;]<\/p>\n","protected":false},"author":1,"featured_media":0,"parent":0,"menu_order":0,"comment_status":"closed","ping_status":"closed","template":"","meta":{"_et_pb_use_builder":"on","_et_pb_old_content":"","_et_gb_content_width":"","inline_featured_image":false,"footnotes":""},"class_list":["post-240722","page","type-page","status-publish","hentry"],"yoast_head":"<!-- This site is optimized with the Yoast SEO plugin v27.5 - https:\/\/yoast.com\/product\/yoast-seo-wordpress\/ -->\n<title>El coliving - Colivespace<\/title>\n<meta name=\"description\" content=\"Descubra una forma de vida innovadora, flexible y comoda. Habitaciones 100% amuebladas y \u00e1reas comunes bien equipadas. Tarifa todo incluido\" \/>\n<meta name=\"robots\" content=\"index, follow, max-snippet:-1, max-image-preview:large, max-video-preview:-1\" \/>\n<link rel=\"canonical\" href=\"https:\/\/colivespace.com\/es\/el-coliving\/\" \/>\n<meta property=\"og:locale\" content=\"es_ES\" \/>\n<meta property=\"og:type\" content=\"article\" \/>\n<meta property=\"og:title\" content=\"El coliving - Colivespace\" \/>\n<meta property=\"og:description\" content=\"Descubra una forma de vida innovadora, flexible y comoda. Habitaciones 100% amuebladas y \u00e1reas comunes bien equipadas. Tarifa todo incluido\" \/>\n<meta property=\"og:url\" content=\"https:\/\/colivespace.com\/es\/el-coliving\/\" \/>\n<meta property=\"og:site_name\" content=\"Colivespace\" \/>\n<meta property=\"article:modified_time\" content=\"2021-09-01T19:45:23+00:00\" \/>\n<meta name=\"twitter:card\" content=\"summary_large_image\" \/>\n<meta name=\"twitter:label1\" content=\"Tiempo de lectura\" \/>\n\t<meta name=\"twitter:data1\" content=\"10 minutos\" \/>\n<script type=\"application\/ld+json\" class=\"yoast-schema-graph\">{\"@context\":\"https:\\\/\\\/schema.org\",\"@graph\":[{\"@type\":\"WebPage\",\"@id\":\"https:\\\/\\\/colivespace.com\\\/es\\\/el-coliving\\\/\",\"url\":\"https:\\\/\\\/colivespace.com\\\/es\\\/el-coliving\\\/\",\"name\":\"El coliving - Colivespace\",\"isPartOf\":{\"@id\":\"https:\\\/\\\/colivespace.com\\\/#website\"},\"datePublished\":\"2021-03-31T13:12:23+00:00\",\"dateModified\":\"2021-09-01T19:45:23+00:00\",\"description\":\"Descubra una forma de vida innovadora, flexible y comoda. Habitaciones 100% amuebladas y \u00e1reas comunes bien equipadas. Tarifa todo incluido\",\"breadcrumb\":{\"@id\":\"https:\\\/\\\/colivespace.com\\\/es\\\/el-coliving\\\/#breadcrumb\"},\"inLanguage\":\"es\",\"potentialAction\":[{\"@type\":\"ReadAction\",\"target\":[\"https:\\\/\\\/colivespace.com\\\/es\\\/el-coliving\\\/\"]}]},{\"@type\":\"BreadcrumbList\",\"@id\":\"https:\\\/\\\/colivespace.com\\\/es\\\/el-coliving\\\/#breadcrumb\",\"itemListElement\":[{\"@type\":\"ListItem\",\"position\":1,\"name\":\"Accueil\",\"item\":\"https:\\\/\\\/colivespace.com\\\/es\\\/\"},{\"@type\":\"ListItem\",\"position\":2,\"name\":\"El coliving\"}]},{\"@type\":\"WebSite\",\"@id\":\"https:\\\/\\\/colivespace.com\\\/#website\",\"url\":\"https:\\\/\\\/colivespace.com\\\/\",\"name\":\"Colivespace\",\"description\":\"Coliving\",\"potentialAction\":[{\"@type\":\"SearchAction\",\"target\":{\"@type\":\"EntryPoint\",\"urlTemplate\":\"https:\\\/\\\/colivespace.com\\\/?s={search_term_string}\"},\"query-input\":{\"@type\":\"PropertyValueSpecification\",\"valueRequired\":true,\"valueName\":\"search_term_string\"}}],\"inLanguage\":\"es\"}]}<\/script>\n<!-- \/ Yoast SEO plugin. -->","yoast_head_json":{"title":"El coliving - Colivespace","description":"Descubra una forma de vida innovadora, flexible y comoda. Habitaciones 100% amuebladas y \u00e1reas comunes bien equipadas. Tarifa todo incluido","robots":{"index":"index","follow":"follow","max-snippet":"max-snippet:-1","max-image-preview":"max-image-preview:large","max-video-preview":"max-video-preview:-1"},"canonical":"https:\/\/colivespace.com\/es\/el-coliving\/","og_locale":"es_ES","og_type":"article","og_title":"El coliving - Colivespace","og_description":"Descubra una forma de vida innovadora, flexible y comoda. Habitaciones 100% amuebladas y \u00e1reas comunes bien equipadas. Tarifa todo incluido","og_url":"https:\/\/colivespace.com\/es\/el-coliving\/","og_site_name":"Colivespace","article_modified_time":"2021-09-01T19:45:23+00:00","twitter_card":"summary_large_image","twitter_misc":{"Tiempo de lectura":"10 minutos"},"schema":{"@context":"https:\/\/schema.org","@graph":[{"@type":"WebPage","@id":"https:\/\/colivespace.com\/es\/el-coliving\/","url":"https:\/\/colivespace.com\/es\/el-coliving\/","name":"El coliving - Colivespace","isPartOf":{"@id":"https:\/\/colivespace.com\/#website"},"datePublished":"2021-03-31T13:12:23+00:00","dateModified":"2021-09-01T19:45:23+00:00","description":"Descubra una forma de vida innovadora, flexible y comoda. Habitaciones 100% amuebladas y \u00e1reas comunes bien equipadas. Tarifa todo incluido","breadcrumb":{"@id":"https:\/\/colivespace.com\/es\/el-coliving\/#breadcrumb"},"inLanguage":"es","potentialAction":[{"@type":"ReadAction","target":["https:\/\/colivespace.com\/es\/el-coliving\/"]}]},{"@type":"BreadcrumbList","@id":"https:\/\/colivespace.com\/es\/el-coliving\/#breadcrumb","itemListElement":[{"@type":"ListItem","position":1,"name":"Accueil","item":"https:\/\/colivespace.com\/es\/"},{"@type":"ListItem","position":2,"name":"El coliving"}]},{"@type":"WebSite","@id":"https:\/\/colivespace.com\/#website","url":"https:\/\/colivespace.com\/","name":"Colivespace","description":"Coliving","potentialAction":[{"@type":"SearchAction","target":{"@type":"EntryPoint","urlTemplate":"https:\/\/colivespace.com\/?s={search_term_string}"},"query-input":{"@type":"PropertyValueSpecification","valueRequired":true,"valueName":"search_term_string"}}],"inLanguage":"es"}]}},"_links":{"self":[{"href":"https:\/\/colivespace.com\/es\/wp-json\/wp\/v2\/pages\/240722","targetHints":{"allow":["GET"]}}],"collection":[{"href":"https:\/\/colivespace.com\/es\/wp-json\/wp\/v2\/pages"}],"about":[{"href":"https:\/\/colivespace.com\/es\/wp-json\/wp\/v2\/types\/page"}],"author":[{"embeddable":true,"href":"https:\/\/colivespace.com\/es\/wp-json\/wp\/v2\/users\/1"}],"replies":[{"embeddable":true,"href":"https:\/\/colivespace.com\/es\/wp-json\/wp\/v2\/comments?post=240722"}],"version-history":[{"count":19,"href":"https:\/\/colivespace.com\/es\/wp-json\/wp\/v2\/pages\/240722\/revisions"}],"predecessor-version":[{"id":240757,"href":"https:\/\/colivespace.com\/es\/wp-json\/wp\/v2\/pages\/240722\/revisions\/240757"}],"wp:attachment":[{"href":"https:\/\/colivespace.com\/es\/wp-json\/wp\/v2\/media?parent=240722"}],"curies":[{"name":"wp","href":"https:\/\/api.w.org\/{rel}","templated":true}]}}